{"id":2877,"date":"2018-03-20T08:47:02","date_gmt":"2018-03-20T08:47:02","guid":{"rendered":"https:\/\/dutyclinic.com\/footer\/"},"modified":"2024-12-25T11:49:49","modified_gmt":"2024-12-25T11:49:49","slug":"pied-de-page","status":"publish","type":"page","link":"https:\/\/dutyclinic.com\/fr\/pied-de-page\/","title":{"rendered":"Pied de page"},"content":{"rendered":"<p><section id=\"bt_section69d3ae3ecc370\"  class=\"boldSection topSemiSpaced bottomSmallSpaced gutter inherit\" style=\"background-color:rgb(239,242,241);\"><div class=\"port\"><div class=\"boldCell\"><div class=\"boldCellInner\"><div class=\"boldRow  bt_bb_hidden_xs bt_bb_hidden_ms bt_bb_hidden_sm\" ><div class=\"boldRowInner\"><div class=\"rowItem col-md-12 col-ms-12  btTextLeft btMiddleVertical\" style=\"border-radius: 120px;background-color: rgba(255, 255, 255, 1);\" ><div class=\"rowItemContent\" ><div class=\"boldRow boldInnerRow  \" style=\"min-height: 115px;\"><div class=\"rowItem rowInnerItem col-md-3  btTextLeft btMiddleVertical\" style=\"border-right: 1px solid rgba(24,24,24,.1);\" ><div class=\"rowItemContent\"><div class=\"btClear btSeparator bottomSmallSpaced noBorder\" ><hr><\/div><div class=\"btIconImageRow\" ><div class=\"bpgPhoto btTextCenter\" ><div class=\"btImage\"><img decoding=\"async\" src=\"https:\/\/dutyclinic.com\/wp-content\/uploads\/2024\/08\/07.png\" alt=\"\" title=\"\"><\/div><\/div><\/div><div class=\"btClear btSeparator bottomSmallSpaced noBorder\" ><hr><\/div><\/div><\/div><div class=\"rowItem rowInnerItem col-md-5  btTextLeft btMiddleVertical btDoublePadding\"  ><div class=\"rowItemContent\"><div class=\"btClear btSeparator bottomSmallSpaced noBorder\" ><hr><\/div><header class=\"header btClear large  btNormalDash\" ><div class=\"dash\"><h2><span class=\"headline\"><b class=\"animate\">D\u00e9couvrez un<\/b> <strong class=\"animate\">nouveau vous<\/strong><\/span><\/h2><\/div><\/header><div class=\"btClear btSeparator topExtraSmallSpaced bottomExtraSmallSpaced noBorder\" ><hr><\/div><\/div><\/div><div class=\"rowItem rowInnerItem col-md-4  btTextRight btMiddleVertical\"  ><div class=\"rowItemContent\"><div class=\"btClear btSeparator bottomSmallSpaced noBorder\" ><hr><\/div><div class=\"btIconImageRow btIconsNormalPosition\" ><span class=\"btIco btIcoDefaultType btIcoSmallSize btIcoAccentColor   \"  style=\"margin-left: 1em;\"><a href=\"https:\/\/www.instagram.com\/dutyclinic\/\"  target = \"no_target\" data-ico-fa=\"&#xf09a;\" class=\"btIcoHolder\"><em><\/em><\/a><\/span><span class=\"btIco btIcoDefaultType btIcoSmallSize btIcoAccentColor   \"  style=\"margin-left: 1em;\"><a href=\"https:\/\/www.facebook.com\/DutyClinics\"  target = \"no_target\" data-ico-fa=\"&#xf16d;\" class=\"btIcoHolder\"><em><\/em><\/a><\/span><span class=\"btIco btIcoDefaultType btIcoSmallSize btIcoAccentColor   \"  style=\"margin-left: 1em;\"><a href=\"https:\/\/www.youtube.com\/@DutyClinic\"  target = \"no_target\" data-ico-fa=\"&#xf16a;\" class=\"btIcoHolder\"><em><\/em><\/a><\/span><\/div><div class=\"btClear btSeparator bottomSmallSpaced noBorder\" ><hr><\/div><\/div><\/div><\/div><\/div><\/div><\/div><\/div><div class=\"boldRow  bt_bb_hidden_md bt_bb_hidden_lg\" ><div class=\"boldRowInner\"><div class=\"rowItem col-md-12 col-ms-12  btTextCenter btMiddleVertical\" style=\"border-radius: 30px;background-color: rgba(255, 255, 255, 1);\" ><div class=\"rowItemContent\" ><div class=\"btClear btSeparator bottomSmallSpaced noBorder\" ><hr><\/div><div class=\"btIconImageRow\" ><div class=\"bpgPhoto btTextCenter\" ><div class=\"btImage\"><img decoding=\"async\" src=\"https:\/\/dutyclinic.com\/wp-content\/uploads\/2024\/08\/07-320x156.png\" alt=\"\" title=\"\"><\/div><\/div><\/div><div class=\"btClear btSeparator topExtraSmallSpaced bottomSmallSpaced noBorder\" ><hr><\/div><header class=\"header btClear large  btNormalDash\" ><div class=\"dash\"><h2><span class=\"headline\"><b class=\"animate\">D\u00e9couvrez un<\/b> <strong class=\"animate\">nouveau vous<\/strong><\/span><\/h2><\/div><\/header><div class=\"btClear btSeparator topSmallSpaced bottomSmallSpaced border\" ><hr><\/div><div class=\"btIconImageRow btIconsNormalPosition\" ><span class=\"btIco btIcoDefaultType btIcoSmallSize btIcoAccentColor   \"  style=\"margin-left: 1em;\"><a href=\"https:\/\/www.instagram.com\/dutyclinic\/\"  target = \"no_target\" data-ico-fa=\"&#xf09a;\" class=\"btIcoHolder\"><em><\/em><\/a><\/span><span class=\"btIco btIcoDefaultType btIcoSmallSize btIcoAccentColor   \"  style=\"margin-left: 1em;\"><a href=\"https:\/\/www.youtube.com\/@DutyClinic\"  target = \"no_target\" data-ico-fa=\"&#xf16a;\" class=\"btIcoHolder\"><em><\/em><\/a><\/span><span class=\"btIco btIcoDefaultType btIcoSmallSize btIcoAccentColor   \"  style=\"margin-left: 1em;\"><a href=\"https:\/\/www.facebook.com\/DutyClinics\"  target = \"no_target\" data-ico-fa=\"&#xf16d;\" class=\"btIcoHolder\"><em><\/em><\/a><\/span><\/div><div class=\"btClear btSeparator topExtraSmallSpaced bottomSmallSpaced noBorder\" ><hr><\/div><\/div><\/div><\/div><\/div><div class=\"boldRow  \" ><div class=\"boldRowInner\"><div class=\"rowItem col-md-12 col-ms-12  btTextLeft\"  ><div class=\"rowItemContent\" ><div class=\"btClear btSeparator bottomSemiSpaced noBorder\" ><hr><\/div><\/div><\/div><\/div><\/div><div class=\"boldRow  bt_bb_hidden_xs bt_bb_hidden_ms bt_bb_hidden_sm\" ><div class=\"boldRowInner\"><div class=\"rowItem col-md-6 col-sm-12 btTextLeft inherit\"  ><div class=\"rowItemContent\" ><header class=\"header btClear large  btNormalDash\" ><div class=\"dash\"><h2><span class=\"headline\"><b class=\"animate\">Contactez-nous<\/b><\/span><\/h2><\/div><\/header><div class=\"btClear btSeparator bottomExtraSmallSpaced noBorder\" ><hr><\/div><div class=\"btIconImageRow\" ><span class=\"btIco btIcoDefaultType btIcoSmallSize btIcoAccentColor   \" ><a href=\"tel:00905367790791\"  target = \"no_target\" data-ico-es=\"&#xea28;\" class=\"btIcoHolder\"><em><\/em><span class=\"btIcoText\">+90 536 779 07 91<\/span><\/a><\/span><\/div><div class=\"btClear btSeparator bottomExtraSmallSpaced noBorder\" ><hr><\/div><div class=\"btIconImageRow\" ><span class=\"btIco btIcoDefaultType btIcoSmallSize btIcoAccentColor   \" ><span  data-ico-pl=\"&#xe963;\" class=\"btIcoHolder\"><em><\/em><span class=\"btIcoText\">S\u00fcmer, Near, Prof. Dr. Turan G\u00fcne\u015f, Cd. No:23, Zeytinburnu\/\u0130stanbul<\/span><\/span><\/span><\/div><div class=\"btClear btSeparator bottomExtraSmallSpaced noBorder\" ><hr><\/div><div class=\"btIconImageRow\" ><span class=\"btIco btIcoDefaultType btIcoSmallSize btIcoAccentColor   \" ><a href=\"https:\/\/dutyclinic.com\/about-us\/contact-us\/\"  target = \"no_target\" data-ico-es=\"&#xe925;\" class=\"btIcoHolder\"><em><\/em><span class=\"btIcoText\">Prendre rendez-vous<\/span><\/a><\/span><\/div><div class=\"btClear btSeparator topSmallSpaced noBorder bt_bb_hidden_md bt_bb_hidden_lg\" ><hr><\/div><\/div><\/div><div class=\"rowItem col-md-6 col-sm-12 btTextLeft btTopVertical\"  ><div class=\"rowItemContent\" ><div class=\"btClear btSeparator bottomSpaced noBorder\" ><hr><\/div><div data-bb-version=\"5.1.2\" class=\"bt_bb_content_slider bt_bb_gap_no_gap bt_bb_arrows_size_normal bt_bb_show_dots_bottom bt_bb_height_auto bt_bb_multiple_slides bt_bb_animation_slide animate\"><div class=\"slick-slider\"  data-slick='{ \"lazyLoad\": \"progressive\", \"cssEase\": \"ease-out\", \"speed\": \"600\", \"prevArrow\": \"&lt;button type=\\\"button\\\" class=\\\"slick-prev\\\"&gt;\", \"nextArrow\": \"&lt;button type=\\\"button\\\" class=\\\"slick-next\\\"&gt;\", \"adaptiveHeight\": true, \"dots\": true,\"slidesToShow\": 8, \"responsive\": [{ \"breakpoint\": 480, \"settings\": { \"slidesToShow\": 1, \"slidesToScroll\": 1 } },{ \"breakpoint\": 768, \"settings\": { \"slidesToShow\": 2, \"slidesToScroll\": 2 } },{ \"breakpoint\": 920, \"settings\": { \"slidesToShow\": 3, \"slidesToScroll\": 3 } },{ \"breakpoint\": 1024, \"settings\": { \"slidesToShow\": 3, \"slidesToScroll\": 3 } }]}' ><div data-bb-version=\"5.1.2\" class=\"bt_bb_content_slider_item\" style=\"\"><div class=\"bt_bb_content_slider_item_content content ccc\"><div class=\"bpgPhoto btTextCenter\" ><div class=\"btImage\"><img decoding=\"async\" src=\"https:\/\/dutyclinic.com\/wp-content\/uploads\/2024\/09\/paypal-logo.png\" alt=\"\" title=\"\"><\/div><\/div><\/div><\/div><div data-bb-version=\"5.1.2\" class=\"bt_bb_content_slider_item\" style=\"\"><div class=\"bt_bb_content_slider_item_content content ccc\"><div class=\"bpgPhoto btTextCenter\" ><div class=\"btImage\"><img decoding=\"async\" src=\"https:\/\/dutyclinic.com\/wp-content\/uploads\/2024\/09\/googlepay-logo.png\" alt=\"\" title=\"\"><\/div><\/div><\/div><\/div><div data-bb-version=\"5.1.2\" class=\"bt_bb_content_slider_item\" style=\"\"><div class=\"bt_bb_content_slider_item_content content ccc\"><div class=\"bpgPhoto btTextCenter\" ><div class=\"btImage\"><img decoding=\"async\" src=\"https:\/\/dutyclinic.com\/wp-content\/uploads\/2024\/09\/applepay-logo.png\" alt=\"\" title=\"\"><\/div><\/div><\/div><\/div><div data-bb-version=\"5.1.2\" class=\"bt_bb_content_slider_item\" style=\"\"><div class=\"bt_bb_content_slider_item_content content ccc\"><div class=\"bpgPhoto btTextCenter\" ><div class=\"btImage\"><img decoding=\"async\" src=\"https:\/\/dutyclinic.com\/wp-content\/uploads\/2024\/09\/visa-logo.png\" alt=\"\" title=\"\"><\/div><\/div><\/div><\/div><div data-bb-version=\"5.1.2\" class=\"bt_bb_content_slider_item\" style=\"\"><div class=\"bt_bb_content_slider_item_content content ccc\"><div class=\"bpgPhoto btTextCenter\" ><div class=\"btImage\"><img decoding=\"async\" src=\"https:\/\/dutyclinic.com\/wp-content\/uploads\/2024\/09\/shappay-logo.png\" alt=\"\" title=\"\"><\/div><\/div><\/div><\/div><div data-bb-version=\"5.1.2\" class=\"bt_bb_content_slider_item\" style=\"\"><div class=\"bt_bb_content_slider_item_content content ccc\"><div class=\"bpgPhoto btTextCenter\" ><div class=\"btImage\"><img decoding=\"async\" src=\"https:\/\/dutyclinic.com\/wp-content\/uploads\/2024\/09\/amex-logo1.png\" alt=\"\" title=\"\"><\/div><\/div><\/div><\/div><div data-bb-version=\"5.1.2\" class=\"bt_bb_content_slider_item\" style=\"\"><div class=\"bt_bb_content_slider_item_content content ccc\"><div class=\"bpgPhoto btTextCenter\" ><div class=\"btImage\"><img decoding=\"async\" src=\"https:\/\/dutyclinic.com\/wp-content\/uploads\/2024\/09\/mastercard-logo1.png\" alt=\"\" title=\"\"><\/div><\/div><\/div><\/div><div data-bb-version=\"5.1.2\" class=\"bt_bb_content_slider_item\" style=\"\"><div class=\"bt_bb_content_slider_item_content content ccc\"><div class=\"bpgPhoto btTextCenter\" ><div class=\"btImage\"><img decoding=\"async\" src=\"https:\/\/dutyclinic.com\/wp-content\/uploads\/2024\/09\/bitcoin-logo1.png\" alt=\"\" title=\"\"><\/div><\/div><\/div><\/div><\/div><\/div><\/div><\/div><\/div><\/div><div class=\"boldRow  bt_bb_hidden_md bt_bb_hidden_lg\" ><div class=\"boldRowInner\"><div class=\"rowItem col-md-6 col-sm-12 btTextCenter inherit\"  ><div class=\"rowItemContent\" ><header class=\"header btClear large  btNormalDash\" ><div class=\"dash\"><h2><span class=\"headline\"><b class=\"animate\">Contactez-nous<\/b><\/span><\/h2><\/div><\/header><div class=\"btClear btSeparator bottomExtraSmallSpaced noBorder\" ><hr><\/div><div class=\"btIconImageRow\" ><span class=\"btIco btIcoDefaultType btIcoSmallSize btIcoAccentColor   \" ><a href=\"tel:00905367790791\"  target = \"no_target\" data-ico-es=\"&#xea28;\" class=\"btIcoHolder\"><em><\/em><span class=\"btIcoText\">+90 536 779 07 91<\/span><\/a><\/span><\/div><div class=\"btClear btSeparator bottomExtraSmallSpaced noBorder\" ><hr><\/div><div class=\"btIconImageRow\" ><span class=\"btIco btIcoDefaultType btIcoSmallSize btIcoAccentColor   \" ><span  data-ico-pl=\"&#xe963;\" class=\"btIcoHolder\"><em><\/em><span class=\"btIcoText\">S\u00fcmer, Near, Prof. Dr. Turan G\u00fcne\u015f Cd. No:23, Zeytinburnu\/\u0130stanbul<\/span><\/span><\/span><\/div><div class=\"btClear btSeparator bottomExtraSmallSpaced noBorder\" ><hr><\/div><div class=\"btIconImageRow\" ><span class=\"btIco btIcoDefaultType btIcoSmallSize btIcoAccentColor   \" ><a href=\"https:\/\/dutyclinic.com\/about-us\/contact-us\/\"  target = \"no_target\" data-ico-es=\"&#xe925;\" class=\"btIcoHolder\"><em><\/em><span class=\"btIcoText\">Prendre rendez-vous<\/span><\/a><\/span><\/div><div class=\"btClear btSeparator topSmallSpaced noBorder bt_bb_hidden_md bt_bb_hidden_lg\" ><hr><\/div><\/div><\/div><div class=\"rowItem col-md-6 col-sm-12 btTextLeft btTopVertical\"  ><div class=\"rowItemContent\" ><div class=\"btClear btSeparator bottomSpaced noBorder\" ><hr><\/div><div data-bb-version=\"5.1.2\" class=\"bt_bb_content_slider bt_bb_gap_no_gap bt_bb_arrows_size_normal bt_bb_show_dots_bottom bt_bb_height_auto bt_bb_multiple_slides bt_bb_animation_slide animate\"><div class=\"slick-slider\"  data-slick='{ \"lazyLoad\": \"progressive\", \"cssEase\": \"ease-out\", \"speed\": \"600\", \"prevArrow\": \"&lt;button type=\\\"button\\\" class=\\\"slick-prev\\\"&gt;\", \"nextArrow\": \"&lt;button type=\\\"button\\\" class=\\\"slick-next\\\"&gt;\", \"adaptiveHeight\": true, \"dots\": true,\"slidesToShow\": 8, \"responsive\": [{ \"breakpoint\": 480, \"settings\": { \"slidesToShow\": 1, \"slidesToScroll\": 1 } },{ \"breakpoint\": 768, \"settings\": { \"slidesToShow\": 2, \"slidesToScroll\": 2 } },{ \"breakpoint\": 920, \"settings\": { \"slidesToShow\": 3, \"slidesToScroll\": 3 } },{ \"breakpoint\": 1024, \"settings\": { \"slidesToShow\": 3, \"slidesToScroll\": 3 } }]}' ><div data-bb-version=\"5.1.2\" class=\"bt_bb_content_slider_item\" style=\"\"><div class=\"bt_bb_content_slider_item_content content ccc\"><div class=\"bpgPhoto btTextCenter\" ><div class=\"btImage\"><img decoding=\"async\" src=\"https:\/\/dutyclinic.com\/wp-content\/uploads\/2024\/09\/paypal-logo.png\" alt=\"\" title=\"\"><\/div><\/div><\/div><\/div><div data-bb-version=\"5.1.2\" class=\"bt_bb_content_slider_item\" style=\"\"><div class=\"bt_bb_content_slider_item_content content ccc\"><div class=\"bpgPhoto btTextCenter\" ><div class=\"btImage\"><img decoding=\"async\" src=\"https:\/\/dutyclinic.com\/wp-content\/uploads\/2024\/09\/googlepay-logo.png\" alt=\"\" title=\"\"><\/div><\/div><\/div><\/div><div data-bb-version=\"5.1.2\" class=\"bt_bb_content_slider_item\" style=\"\"><div class=\"bt_bb_content_slider_item_content content ccc\"><div class=\"bpgPhoto btTextCenter\" ><div class=\"btImage\"><img decoding=\"async\" src=\"https:\/\/dutyclinic.com\/wp-content\/uploads\/2024\/09\/applepay-logo.png\" alt=\"\" title=\"\"><\/div><\/div><\/div><\/div><div data-bb-version=\"5.1.2\" class=\"bt_bb_content_slider_item\" style=\"\"><div class=\"bt_bb_content_slider_item_content content ccc\"><div class=\"bpgPhoto btTextCenter\" ><div class=\"btImage\"><img decoding=\"async\" src=\"https:\/\/dutyclinic.com\/wp-content\/uploads\/2024\/09\/visa-logo.png\" alt=\"\" title=\"\"><\/div><\/div><\/div><\/div><div data-bb-version=\"5.1.2\" class=\"bt_bb_content_slider_item\" style=\"\"><div class=\"bt_bb_content_slider_item_content content ccc\"><div class=\"bpgPhoto btTextCenter\" ><div class=\"btImage\"><img decoding=\"async\" src=\"https:\/\/dutyclinic.com\/wp-content\/uploads\/2024\/09\/shappay-logo.png\" alt=\"\" title=\"\"><\/div><\/div><\/div><\/div><div data-bb-version=\"5.1.2\" class=\"bt_bb_content_slider_item\" style=\"\"><div class=\"bt_bb_content_slider_item_content content ccc\"><div class=\"bpgPhoto btTextCenter\" ><div class=\"btImage\"><img decoding=\"async\" src=\"https:\/\/dutyclinic.com\/wp-content\/uploads\/2024\/09\/amex-logo1.png\" alt=\"\" title=\"\"><\/div><\/div><\/div><\/div><div data-bb-version=\"5.1.2\" class=\"bt_bb_content_slider_item\" style=\"\"><div class=\"bt_bb_content_slider_item_content content ccc\"><div class=\"bpgPhoto btTextCenter\" ><div class=\"btImage\"><img decoding=\"async\" src=\"https:\/\/dutyclinic.com\/wp-content\/uploads\/2024\/09\/mastercard-logo1.png\" alt=\"\" title=\"\"><\/div><\/div><\/div><\/div><div data-bb-version=\"5.1.2\" class=\"bt_bb_content_slider_item\" style=\"\"><div class=\"bt_bb_content_slider_item_content content ccc\"><div class=\"bpgPhoto btTextCenter\" ><div class=\"btImage\"><img decoding=\"async\" src=\"https:\/\/dutyclinic.com\/wp-content\/uploads\/2024\/09\/bitcoin-logo1.png\" alt=\"\" title=\"\"><\/div><\/div><\/div><\/div><\/div><\/div><\/div><\/div><\/div><\/div><\/div><\/div><\/div><\/section><section id=\"bt_section69d3ae3ee1cc7\"  class=\"boldSection btDarkSkin gutter inherit\" style=\"background-color:rgb(17,51,89);\"><div class=\"port\"><div class=\"boldCell\"><div class=\"boldCellInner\"><div class=\"boldRow  bt_bb_hidden_xs bt_bb_hidden_ms bt_bb_hidden_sm\" ><div class=\"boldRowInner\"><div class=\"rowItem col-md-4 col-ms-12 btTextLeft btMiddleVertical\"  ><div class=\"rowItemContent\" ><div class=\"btClear btSeparator bottomSmallSpaced noBorder\" ><hr><\/div><div class=\"btText\" ><\/p>\n<p>Copyright by <strong>SMDK Solutions<\/strong> 2024. All rights reserved.<\/p>\n<p>\n<\/div><div class=\"btClear btSeparator bottomSmallSpaced noBorder\" ><hr><\/div><\/div><\/div><div class=\"rowItem col-md-4 col-ms-12 btTextRight inherit\"  ><div class=\"rowItemContent\" ><div class=\"btClear btSeparator bottomSmallSpaced noBorder\" ><hr><\/div><\/div><\/div><div class=\"rowItem col-md-4 col-ms-12 btTextRight inherit\"  ><div class=\"rowItemContent\" ><div class=\"btClear btSeparator bottomSmallSpaced noBorder\" ><hr><\/div><div class=\"btClear btSeparator bottomSmallSpaced noBorder\" ><hr><\/div><\/div><\/div><\/div><\/div><div class=\"boldRow  bt_bb_hidden_md bt_bb_hidden_lg\" ><div class=\"boldRowInner\"><div class=\"rowItem col-md-12 col-ms-12  btTextCenter btMiddleVertical\"  ><div class=\"rowItemContent\" ><div class=\"btClear btSeparator bottomSmallSpaced noBorder\" ><hr><\/div><div class=\"btText\" ><\/p>\n<p>Copyright by <strong>SMDK Solutions<\/strong> 2024. All rights reserved.<\/p>\n<p>\n<\/div><div class=\"btClear btSeparator bottomSmallSpaced noBorder\" ><hr><\/div><div class=\"btCustomMenu btBottomFooterMenu\" ><div class=\"menu\"><ul>\n<li class=\"page_item page-item-2825\"><a href=\"https:\/\/dutyclinic.com\/fr\/a-propos-de-nous\/\">\u00c0 propos de nous<\/a><\/li>\n<li class=\"page_item page-item-2875 current_page_parent\"><a href=\"https:\/\/dutyclinic.com\/fr\/blog\/\">Blog<\/a><\/li>\n<li class=\"page_item page-item-2869\"><a href=\"https:\/\/dutyclinic.com\/fr\/contactez-nous\/\">Contactez-nous<\/a><\/li>\n<li class=\"page_item page-item-2776\"><a href=\"https:\/\/dutyclinic.com\/fr\/\">Page d&#8217;accueil<\/a><\/li>\n<li class=\"page_item page-item-2877\"><a href=\"https:\/\/dutyclinic.com\/fr\/pied-de-page\/\">Pied de page<\/a><\/li>\n<li class=\"page_item page-item-2821\"><a href=\"https:\/\/dutyclinic.com\/fr\/services\/\">Services<\/a><\/li>\n<\/ul><\/div>\n<\/div><div class=\"btClear btSeparator bottomSmallSpaced noBorder\" ><hr><\/div><\/div><\/div><\/div><\/div><\/div><\/div><\/div><\/section><\/p>\n","protected":false},"excerpt":{"rendered":"","protected":false},"author":2,"featured_media":0,"parent":0,"menu_order":0,"comment_status":"closed","ping_status":"closed","template":"","meta":{"_joinchat":[],"footnotes":""},"class_list":["post-2877","page","type-page","status-publish","hentry"],"_links":{"self":[{"href":"https:\/\/dutyclinic.com\/fr\/wp-json\/wp\/v2\/pages\/2877","targetHints":{"allow":["GET"]}}],"collection":[{"href":"https:\/\/dutyclinic.com\/fr\/wp-json\/wp\/v2\/pages"}],"about":[{"href":"https:\/\/dutyclinic.com\/fr\/wp-json\/wp\/v2\/types\/page"}],"author":[{"embeddable":true,"href":"https:\/\/dutyclinic.com\/fr\/wp-json\/wp\/v2\/users\/2"}],"replies":[{"embeddable":true,"href":"https:\/\/dutyclinic.com\/fr\/wp-json\/wp\/v2\/comments?post=2877"}],"version-history":[{"count":4,"href":"https:\/\/dutyclinic.com\/fr\/wp-json\/wp\/v2\/pages\/2877\/revisions"}],"predecessor-version":[{"id":2995,"href":"https:\/\/dutyclinic.com\/fr\/wp-json\/wp\/v2\/pages\/2877\/revisions\/2995"}],"wp:attachment":[{"href":"https:\/\/dutyclinic.com\/fr\/wp-json\/wp\/v2\/media?parent=2877"}],"curies":[{"name":"wp","href":"https:\/\/api.w.org\/{rel}","templated":true}]}}