{"id":2821,"date":"2015-12-02T09:20:04","date_gmt":"2015-12-02T09:20:04","guid":{"rendered":"https:\/\/dutyclinic.com\/services\/"},"modified":"2024-12-24T08:13:21","modified_gmt":"2024-12-24T08:13:21","slug":"services","status":"publish","type":"page","link":"https:\/\/dutyclinic.com\/fr\/services\/","title":{"rendered":"Services"},"content":{"rendered":"<section id=\"bt_section69d3aa95a28e6\"  class=\"boldSection topSpaced bottomSpaced gutter inherit\" ><div class=\"port\"><div class=\"boldCell\"><div class=\"boldCellInner\"><div class=\"boldRow  \" ><div class=\"boldRowInner\"><div class=\"rowItem col-md-12 col-ms-12  btTextLeft\"  ><div class=\"rowItemContent\" ><div data-bb-version=\"5.1.2\" class=\"bt_bb_masonry_portfolio_grid bt_bb_grid_container bt_bb_columns_3 bt_bb_gap_small\" data-columns=\"3\"><div class=\"bt_bb_post_grid_loader\"><\/div><div class=\"bt_bb_masonry_post_grid_content bt_bb_masonry_portfolio_grid_content bt_bb_grid_hide\" data-bt-nonce=\"652a0019dd\" data-number-portfolio=\"99\" data-number-portfolio=\"99\" data-category-portfolio=\"services\" data-post-type=\"portfolio\" data-show-portfolio=\"a%3A6%3A%7Bs%3A8%3A%22category%22%3Bb%3A0%3Bs%3A4%3A%22date%22%3Bb%3A0%3Bs%3A6%3A%22author%22%3Bb%3A0%3Bs%3A8%3A%22comments%22%3Bb%3A0%3Bs%3A7%3A%22excerpt%22%3Bb%3A1%3Bs%3A5%3A%22share%22%3Bb%3A0%3B%7D\"><div class=\"bt_bb_grid_sizer\"><\/div><\/div><\/div><\/div><\/div><\/div><\/div><\/div><\/div><\/div><\/section>\n","protected":false},"excerpt":{"rendered":"<p>Chez Duty Clinic, nous sommes fiers d&#8217;offrir des traitements esth\u00e9tiques exceptionnels, adapt\u00e9s \u00e0 vos besoins uniques. Que vous souhaitiez restaurer vos cheveux, embellir votre sourire ou affiner vos traits, nos services complets englobent tout, des techniques avanc\u00e9es de greffe de cheveux aux chirurgies plastiques innovantes et \u00e0 la dentisterie esth\u00e9tique.<\/p>\n","protected":false},"author":2,"featured_media":2822,"parent":0,"menu_order":0,"comment_status":"closed","ping_status":"closed","template":"","meta":{"_joinchat":[],"footnotes":""},"class_list":["post-2821","page","type-page","status-publish","has-post-thumbnail","hentry"],"_links":{"self":[{"href":"https:\/\/dutyclinic.com\/fr\/wp-json\/wp\/v2\/pages\/2821","targetHints":{"allow":["GET"]}}],"collection":[{"href":"https:\/\/dutyclinic.com\/fr\/wp-json\/wp\/v2\/pages"}],"about":[{"href":"https:\/\/dutyclinic.com\/fr\/wp-json\/wp\/v2\/types\/page"}],"author":[{"embeddable":true,"href":"https:\/\/dutyclinic.com\/fr\/wp-json\/wp\/v2\/users\/2"}],"replies":[{"embeddable":true,"href":"https:\/\/dutyclinic.com\/fr\/wp-json\/wp\/v2\/comments?post=2821"}],"version-history":[{"count":2,"href":"https:\/\/dutyclinic.com\/fr\/wp-json\/wp\/v2\/pages\/2821\/revisions"}],"predecessor-version":[{"id":2824,"href":"https:\/\/dutyclinic.com\/fr\/wp-json\/wp\/v2\/pages\/2821\/revisions\/2824"}],"wp:featuredmedia":[{"embeddable":true,"href":"https:\/\/dutyclinic.com\/fr\/wp-json\/wp\/v2\/media\/2822"}],"wp:attachment":[{"href":"https:\/\/dutyclinic.com\/fr\/wp-json\/wp\/v2\/media?parent=2821"}],"curies":[{"name":"wp","href":"https:\/\/api.w.org\/{rel}","templated":true}]}}